{"id":920,"date":"2018-04-11T12:40:08","date_gmt":"2018-04-11T10:40:08","guid":{"rendered":"https:\/\/corretto.qodeinteractive.com\/?page_id=920"},"modified":"2022-05-31T18:53:16","modified_gmt":"2022-05-31T18:53:16","slug":"about-us","status":"publish","type":"page","link":"https:\/\/cafeallgemein.at\/?page_id=920","title":{"rendered":"\u00dcber Caf\u00e8 Allgemein"},"content":{"rendered":"<p>[vc_row disable_element=&#8221;yes&#8221; disable_background_image=&#8221;&#8221; content_text_aligment=&#8221;center&#8221; simple_background_image=&#8221;3466&#8243; css=&#8221;.vc_custom_1649776615906{margin-top: -130px !important;}&#8221; el_id=&#8221;bakcgroundim&#8221;][vc_column css=&#8221;.vc_custom_1648209467666{margin-top: 50px !important;}&#8221;]<div class=\"eltdf-section-title-holder  \" style=\"text-align: center\">\n\t<div class=\"eltdf-st-inner\">\n\t\t\t\t\t<h2 class=\"eltdf-st-title\" style=\"color: #ffffff\">\n\t\t\t\tUNSERE GESCHICHTE\t\t\t<\/h2>\n\t\t\t\t\t<\/div>\n<\/div><div class=\"eltdf-separator-holder clearfix  eltdf-separator-center \" style=\"margin-bottom: 240px\">\n\t\t<div class=\"eltdf-separator\" ><\/div>\n\t\t\t<span class=\"eltdf-separator-icon\" >\n\t\t\t<img loading=\"lazy\" decoding=\"async\" width=\"189\" height=\"24\" src=\"https:\/\/cafeallgemein.at\/wp-content\/uploads\/revslider\/landing-separator-1.png\" class=\"attachment-full size-full\" alt=\"\" \/>\t\t<\/span>\n\t\t\t\t\t<div class=\"eltdf-separator\" ><\/div>\n\t\t\t<\/div>\n[vc_row_inner css=&#8221;.vc_custom_1648206634901{margin-bottom: 100px !important;}&#8221;][vc_column_inner width=&#8221;1\/4&#8243;][\/vc_column_inner][vc_column_inner el_class=&#8221;background-opa&#8221; width=&#8221;1\/2&#8243;]<div class=\"eltdf-section-title-holder  \" >\n\t<div class=\"eltdf-st-inner\">\n\t\t\t\t\t<h2 class=\"eltdf-st-title\" >\n\t\t\t\tUNSERE GESCHICHTE\t\t\t<\/h2>\n\t\t\t\t\t\t\t<h6 class=\"eltdf-st-text\" >\n\t\t\t\tWohin wir auch kamen<br \/>\nStein auf Stein<br \/>\nStahl auf Stahl<br \/>\nBauten wir unsere Zuflucht:<br \/>\nEin Haus, ein Dach,<br \/>\nUm Wind und Regen zu trotzen.<br \/>\nWo immer unsere H\u00e4user standen,<br \/>\nEiner um den andern gingen wir fort<br \/>\nAuf der Suche nach einem neuen Ort,<br \/>\nDenn sie waren kein Zuhause in Deiner Abwesenheit!\nNun wollen wir ein neues Haus beginnen:<br \/>\nMit St\u00fchlen f\u00fcr Deine Bequemlichkeit,<br \/>\nMit Vorh\u00e4ngen, die Deinen Kleidern schmeicheln,<br \/>\nMit Lichtern, die als Punkte in Deinen Augen leuchten,<br \/>\nMit einem Tisch, um den wir uns zum Gespr\u00e4ch versammeln,<br \/>\nMit Kissen, an die Du Dich lehnen kannst,<br \/>\nUnd mit Vasen f\u00fcr Dein Lachen!\nJetzt ist das Zuhause hier,<br \/>\nWo von Wandnischen und Kr\u00fcgen die Komposition deiner Musik erklingt,<br \/>\nUnd, wenn die T\u00fcr sich \u00f6ffnet,<br \/>\nTausend trunkene Gl\u00f6ckchen<br \/>\nDeinen Namen rufen:\nUnser Zuhause\u2026<br \/>\nIst Deines, wenn du verliebt bist\nDichterin: Hoda Haddadi\t\t\t<\/h6>\n\t\t\t<\/div>\n<\/div>[\/vc_column_inner][vc_column_inner width=&#8221;1\/4&#8243;][\/vc_column_inner][\/vc_row_inner][\/vc_column][\/vc_row][vc_row row_content_width=&#8221;grid&#8221; content_text_aligment=&#8221;center&#8221; css=&#8221;.vc_custom_1652960541745{padding-right: 0px !important;padding-left: 0px !important;}&#8221;][vc_column el_class=&#8221;mh-802&#8243; el_id=&#8221;flex-c-c&#8221; css=&#8221;.vc_custom_1654023193896{margin-top: 60px !important;}&#8221;][vc_row_inner gap=&#8221;10&#8243; row_content_width=&#8221;grid&#8221;][vc_column_inner width=&#8221;1\/2&#8243;][vc_single_image image=&#8221;4147&#8243; img_size=&#8221;full&#8221;][vc_empty_space height=&#8221;20px&#8221;][\/vc_column_inner][vc_column_inner width=&#8221;1\/2&#8243;]<div class=\"eltdf-section-title-holder  \" style=\"text-align: left\">\n\t<div class=\"eltdf-st-inner\">\n\t\t\t\t\t<h4 class=\"eltdf-st-title\" >\n\t\t\t\t\u00dcber Caf\u00e8 Allgemein\t\t\t<\/h4>\n\t\t\t\t\t\t\t<h6 class=\"eltdf-st-text\" >\n\t\t\t\tDas Caf\u00e9 Allgemein ist ein kleiner Familienbetrieb, der auf beste Qualit\u00e4t und eine Mischung aus traditioneller \u00f6sterreichischer Kaffeehauskultur und persischer Gastfreundschaft setzt. Neben unseren hausgemachten Torten, ausgesuchten Weinen, frischem Bio Geb\u00e4ck von der Bio B\u00e4ckerei Brotocnik aus dem Waldviertel und dem ausgezeichneten Kaffee der R\u00f6sterei Daniel Moser finden sich auch viele herzhafte und gesunde kleine Speien und Kreationen auf unserer Karte.<br \/>\nAbwechslung und Genuss f\u00fcr jeden Geschmack sind uns ebenso wichtig wie eine entspannte und famili\u00e4re Atmosph\u00e4re, freundliches Service und eine dezente und sorgf\u00e4ltige Musikauswahl, die ein bisschen zum Tr\u00e4umen einl\u00e4dt.<br \/>\nOb Sie mit Freunden oder Familie zu uns kommen, nur mal einen Kaffee zur Tageszeitung genie\u00dfen oder sich mit einer kleinen Pause vom Alltag etwas Gutes tun m\u00f6chten: Wir sorgen daf\u00fcr, dass Sie sich ganz nach Lust und Laune bei uns wohlf\u00fchlen k\u00f6nnen und nur zu genie\u00dfen brauchen und sind - ganz allgemein - einfach f\u00fcr Sie da.\t\t\t<\/h6>\n\t\t\t<\/div>\n<\/div>[vc_empty_space height=&#8221;20px&#8221;][\/vc_column_inner][\/vc_row_inner][\/vc_column][\/vc_row][vc_row disable_element=&#8221;yes&#8221; parallax_background_image=&#8221;975&#8243; css=&#8221;.vc_custom_1646904955283{padding-top: 151px !important;padding-bottom: 135px !important;}&#8221;][vc_column][vc_row_inner row_content_width=&#8221;grid&#8221;][vc_column_inner offset=&#8221;vc_col-lg-offset-2 vc_col-lg-8&#8243;]<div class=\"eltdf-section-title-holder  \" style=\"text-align: center\">\n\t<div class=\"eltdf-st-inner\">\n\t\t\t\t\t<h2 class=\"eltdf-st-title\" style=\"color: #ffffff\">\n\t\t\t\tTestimonials\t\t\t<\/h2>\n\t\t\t\t\t<\/div>\n<\/div><div class=\"eltdf-separator-holder clearfix  eltdf-separator-center \" style=\"margin-top: 13px;margin-bottom: 46px\">\n\t\t<div class=\"eltdf-separator\" ><\/div>\n\t\t\t<span class=\"eltdf-separator-icon\" >\n\t\t\t<img loading=\"lazy\" decoding=\"async\" width=\"189\" height=\"24\" src=\"https:\/\/cafeallgemein.at\/wp-content\/uploads\/2018\/04\/title-separator-white-4.png\" class=\"attachment-full size-full\" alt=\"s\" \/>\t\t<\/span>\n\t\t\t\t\t<div class=\"eltdf-separator\" ><\/div>\n\t\t\t<\/div>\n<div class=\"eltdf-testimonials-holder eltdf-testimonials-standard eltdf-testimonials-light clearfix\"><div class=\"eltdf-testimonials eltdf-owl-slider\" data-number-of-items=\"1\" data-enable-loop=\"yes\" data-enable-autoplay=\"yes\" data-slider-speed=\"5000\" data-slider-speed-animation=\"600\" data-enable-navigation=\"no\" data-enable-pagination=\"yes\"><div class=\"eltdf-testimonial-content\" id=\"eltdf-testimonials-772\">\n\t<div class=\"eltdf-testimonial-text-holder\">\n\t\t\t\t\t\t\t<p class=\"eltdf-testimonial-text\">Maecenas tempus, tellus eget condimentum rhoncus, sem quam semper libero, sit amet adipiscing sem neque sed ipsum. Nam quam nunc, blandit vel, luctus pulvinar, hendrerit id, lorem. Maecenas nec odio et ante tincidunt tempus. Donec vitae sapien ut libero venenatis faucibus. Nullam quis ante. Etiam sit amet orci eget eros faucibus tincidunt. Duis leo. Maecenas tempus, tellus eget<\/p>\n\t\t\t\t\t\t\t<span class=\"eltdf-testimonial-author\">\n\t\t\t\t<span class=\"eltdf-testimonials-author-name\">Margaret Wagner<\/span>\n\t\t\t\t\t\t\t\t\t<span class=\"eltdf-testimonials-author-job\">, caf\u00e9 manager<\/span>\n\t\t\t\t\t\t\t<\/span>\n\t\t\t<\/div>\n\t<\/div><div class=\"eltdf-testimonial-content\" id=\"eltdf-testimonials-770\">\n\t<div class=\"eltdf-testimonial-text-holder\">\n\t\t\t\t\t\t\t<p class=\"eltdf-testimonial-text\">Aliquam lorem ante, dapibus in, viverra quis, feugiat a, tellus. Phasellus viverra nulla ut metus varius laoreet. Quisque rutrum. Aenean imperdiet. Etiam ultricies nisi vel augue. Curabitur ullamcorper ultricies nisi. Nam eget dui. Etiam rhoncus. Maecenas tempus, tellus eget condimentum rhoncus, sem quam semper libero, sit amet adipiscing sem neque sed ipsum. Nam quam nunc, blandit vel<\/p>\n\t\t\t\t\t\t\t<span class=\"eltdf-testimonial-author\">\n\t\t\t\t<span class=\"eltdf-testimonials-author-name\">Jean Thompson<\/span>\n\t\t\t\t\t\t\t\t\t<span class=\"eltdf-testimonials-author-job\">, barista<\/span>\n\t\t\t\t\t\t\t<\/span>\n\t\t\t<\/div>\n\t<\/div><div class=\"eltdf-testimonial-content\" id=\"eltdf-testimonials-759\">\n\t<div class=\"eltdf-testimonial-text-holder\">\n\t\t\t\t\t\t\t<p class=\"eltdf-testimonial-text\">Lorem ipsum dolor sit amet, consectetur adipiscing elit, sed do eiusmod tempor incididunt ut labore et dolore magna aliqua. Ut enim ad minim veniam, quis nostrud exercitation ullamco laboris nisi ut aliquip ex ea commodo consequat. Duis aute irure dolor in reprehe nderit in voluptate velit esse cillum dolore eu fugiat nulla pariatur. Excepteur sint occaecat cupidatat non proident, squi officia<\/p>\n\t\t\t\t\t\t\t<span class=\"eltdf-testimonial-author\">\n\t\t\t\t<span class=\"eltdf-testimonials-author-name\">Danielle Jones<\/span>\n\t\t\t\t\t\t\t\t\t<span class=\"eltdf-testimonials-author-job\">, caf\u00e9 owner<\/span>\n\t\t\t\t\t\t\t<\/span>\n\t\t\t<\/div>\n\t<\/div><\/div><\/div>[\/vc_column_inner][\/vc_row_inner][\/vc_column][\/vc_row][vc_row disable_element=&#8221;yes&#8221; row_content_width=&#8221;grid&#8221; css=&#8221;.vc_custom_1646904962599{padding-top: 124px !important;padding-bottom: 85px !important;}&#8221;][vc_column width=&#8221;1\/2&#8243; offset=&#8221;vc_col-lg-3 vc_col-md-6&#8243;]<div class=\"eltdf-counter-holder \">\n\t<div class=\"eltdf-counter-inner\">\n\t\t\t\t\t<span class=\"eltdf-counter eltdf-zero-counter\" >250<\/span>\n\t\t\t\t\t\t\t<h5 class=\"eltdf-counter-title\">\n\t\t\t\tVarieties of Coffee\t\t\t<\/h5>\n\t\t\t\t\t\t\t<p class=\"eltdf-counter-text\" >Lorem ipsum dolor sit amet, consectetuer adipiscing elit. Aenean<\/p>\n\t\t\t<\/div>\n<\/div>[vc_empty_space height=&#8221;38px&#8221;][\/vc_column][vc_column width=&#8221;1\/2&#8243; offset=&#8221;vc_col-lg-3 vc_col-md-6&#8243;]<div class=\"eltdf-counter-holder \">\n\t<div class=\"eltdf-counter-inner\">\n\t\t\t\t\t<span class=\"eltdf-counter eltdf-zero-counter\" >123<\/span>\n\t\t\t\t\t\t\t<h5 class=\"eltdf-counter-title\">\n\t\t\t\tHours of Testing\t\t\t<\/h5>\n\t\t\t\t\t\t\t<p class=\"eltdf-counter-text\" >Lorem ipsum dolor sit amet, consectetuer adipiscing elit. Aenean<\/p>\n\t\t\t<\/div>\n<\/div>[vc_empty_space height=&#8221;38px&#8221;][\/vc_column][vc_column width=&#8221;1\/2&#8243; offset=&#8221;vc_col-lg-3 vc_col-md-6&#8243;]<div class=\"eltdf-counter-holder \">\n\t<div class=\"eltdf-counter-inner\">\n\t\t\t\t\t<span class=\"eltdf-counter eltdf-zero-counter\" >321<\/span>\n\t\t\t\t\t\t\t<h5 class=\"eltdf-counter-title\">\n\t\t\t\tCoffee Markets\t\t\t<\/h5>\n\t\t\t\t\t\t\t<p class=\"eltdf-counter-text\" >Lorem ipsum dolor sit amet, consectetuer adipiscing elit. Aenean<\/p>\n\t\t\t<\/div>\n<\/div>[vc_empty_space height=&#8221;38px&#8221;][\/vc_column][vc_column width=&#8221;1\/2&#8243; offset=&#8221;vc_col-lg-3 vc_col-md-6&#8243;]<div class=\"eltdf-counter-holder \">\n\t<div class=\"eltdf-counter-inner\">\n\t\t\t\t\t<span class=\"eltdf-counter eltdf-zero-counter\" >220<\/span>\n\t\t\t\t\t\t\t<h5 class=\"eltdf-counter-title\">\n\t\t\t\tCoffee Brands\t\t\t<\/h5>\n\t\t\t\t\t\t\t<p class=\"eltdf-counter-text\" >Lorem ipsum dolor sit amet, consectetuer adipiscing elit. Aenean<\/p>\n\t\t\t<\/div>\n<\/div>[vc_empty_space height=&#8221;38px&#8221;][\/vc_column][\/vc_row][vc_row disable_element=&#8221;yes&#8221; row_content_width=&#8221;grid&#8221; disable_background_image=&#8221;&#8221; simple_background_image=&#8221;999&#8243; css=&#8221;.vc_custom_1646904972891{padding-top: 78px !important;padding-bottom: 78px !important;}&#8221;][vc_column offset=&#8221;vc_col-lg-11 vc_col-md-12 vc_col-xs-12&#8243;]<div class=\"eltdf-call-to-action-holder  eltdf-normal-layout  eltdf-three-quarters-columns\">\n\t<div class=\"eltdf-cta-inner \">\n\t\t<div class=\"eltdf-cta-text-holder\">\n\t\t\t<div class=\"eltdf-cta-text\">\n<h5>Lorem ipsum dolor sit amet, consectetur adipiscing elit, sed do<\/h5>\n<\/div>\n\t\t<\/div>\n\t\t<div class=\"eltdf-cta-button-holder\" >\n\t\t\t<div class=\"eltdf-cta-button\"><a itemprop=\"url\" href=\"https:\/\/corretto.qodeinteractive.com\/contact-us\/\" target=\"_self\" style=\"color: #ffffff;background-color: #be9c79\" class=\"eltdf-btn eltdf-btn-medium eltdf-btn-solid eltdf-btn-custom-hover-color eltdf-btn-dash\" data-hover-color=\"#ffffff\" >    <span class=\"eltdf-btn-text\">Contact Us<\/span>\t<\/a><\/div>\n\t\t<\/div>\n\t<\/div>\n<\/div>[\/vc_column][\/vc_row]<\/p>\n","protected":false},"excerpt":{"rendered":"<p>[vc_row disable_element=&#8221;yes&#8221; disable_background_image=&#8221;&#8221; content_text_aligment=&#8221;center&#8221; simple_background_image=&#8221;3466&#8243; css=&#8221;.vc_custom_1649776615906{margin-top: -130px !important;}&#8221; el_id=&#8221;bakcgroundim&#8221;][vc_column css=&#8221;.vc_custom_1648209467666{margin-top: 50px !important;}&#8221;][vc_row_inner css=&#8221;.vc_custom_1648206634901{margin-bottom: 100px !important;}&#8221;][vc_column_inner width=&#8221;1\/4&#8243;][\/vc_column_inner][vc_column_inner el_class=&#8221;background-opa&#8221; width=&#8221;1\/2&#8243;][\/vc_column_inner][vc_column_inner width=&#8221;1\/4&#8243;][\/vc_column_inner][\/vc_row_inner][\/vc_column][\/vc_row][vc_row row_content_width=&#8221;grid&#8221; content_text_aligment=&#8221;center&#8221; css=&#8221;.vc_custom_1652960541745{padding-right: 0px !important;padding-left: 0px !important;}&#8221;][vc_column el_class=&#8221;mh-802&#8243; el_id=&#8221;flex-c-c&#8221; css=&#8221;.vc_custom_1654023193896{margin-top: 60px !important;}&#8221;][vc_row_inner gap=&#8221;10&#8243; row_content_width=&#8221;grid&#8221;][vc_column_inner width=&#8221;1\/2&#8243;][vc_single_image image=&#8221;4147&#8243; img_size=&#8221;full&#8221;][vc_empty_space height=&#8221;20px&#8221;][\/vc_column_inner][vc_column_inner width=&#8221;1\/2&#8243;][vc_empty_space height=&#8221;20px&#8221;][\/vc_column_inner][\/vc_row_inner][\/vc_column][\/vc_row][vc_row disable_element=&#8221;yes&#8221; parallax_background_image=&#8221;975&#8243; css=&#8221;.vc_custom_1646904955283{padding-top: 151px !important;padding-bottom: 135px !important;}&#8221;][vc_column][vc_row_inner row_content_width=&#8221;grid&#8221;][vc_column_inner offset=&#8221;vc_col-lg-offset-2 vc_col-lg-8&#8243;][\/vc_column_inner][\/vc_row_inner][\/vc_column][\/vc_row][vc_row disable_element=&#8221;yes&#8221; row_content_width=&#8221;grid&#8221; css=&#8221;.vc_custom_1646904962599{padding-top: 124px !important;padding-bottom: 85px !important;}&#8221;][vc_column width=&#8221;1\/2&#8243; offset=&#8221;vc_col-lg-3 vc_col-md-6&#8243;][vc_empty_space height=&#8221;38px&#8221;][\/vc_column][vc_column width=&#8221;1\/2&#8243; offset=&#8221;vc_col-lg-3 vc_col-md-6&#8243;][vc_empty_space height=&#8221;38px&#8221;][\/vc_column][vc_column width=&#8221;1\/2&#8243; offset=&#8221;vc_col-lg-3 vc_col-md-6&#8243;][vc_empty_space height=&#8221;38px&#8221;][\/vc_column][vc_column width=&#8221;1\/2&#8243; offset=&#8221;vc_col-lg-3 vc_col-md-6&#8243;][vc_empty_space height=&#8221;38px&#8221;][\/vc_column][\/vc_row][vc_row [&hellip;]<\/p>\n","protected":false},"author":1,"featured_media":0,"parent":0,"menu_order":0,"comment_status":"closed","ping_status":"closed","template":"full-width.php","meta":{"footnotes":""},"class_list":["post-920","page","type-page","status-publish","hentry"],"_links":{"self":[{"href":"https:\/\/cafeallgemein.at\/index.php?rest_route=\/wp\/v2\/pages\/920","targetHints":{"allow":["GET"]}}],"collection":[{"href":"https:\/\/cafeallgemein.at\/index.php?rest_route=\/wp\/v2\/pages"}],"about":[{"href":"https:\/\/cafeallgemein.at\/index.php?rest_route=\/wp\/v2\/types\/page"}],"author":[{"embeddable":true,"href":"https:\/\/cafeallgemein.at\/index.php?rest_route=\/wp\/v2\/users\/1"}],"replies":[{"embeddable":true,"href":"https:\/\/cafeallgemein.at\/index.php?rest_route=%2Fwp%2Fv2%2Fcomments&post=920"}],"version-history":[{"count":64,"href":"https:\/\/cafeallgemein.at\/index.php?rest_route=\/wp\/v2\/pages\/920\/revisions"}],"predecessor-version":[{"id":5379,"href":"https:\/\/cafeallgemein.at\/index.php?rest_route=\/wp\/v2\/pages\/920\/revisions\/5379"}],"wp:attachment":[{"href":"https:\/\/cafeallgemein.at\/index.php?rest_route=%2Fwp%2Fv2%2Fmedia&parent=920"}],"curies":[{"name":"wp","href":"https:\/\/api.w.org\/{rel}","templated":true}]}}