{"id":4688,"date":"2022-05-18T12:47:49","date_gmt":"2022-05-18T12:47:49","guid":{"rendered":"https:\/\/cafeallgemein.at\/?page_id=4688"},"modified":"2022-06-26T09:56:00","modified_gmt":"2022-06-26T09:56:00","slug":"reservierung","status":"publish","type":"page","link":"https:\/\/cafeallgemein.at\/?page_id=4688","title":{"rendered":"Reservierung"},"content":{"rendered":"<p>[vc_row][vc_column][vc_row_inner gap=&#8221;10&#8243; row_content_width=&#8221;grid&#8221;][vc_column_inner width=&#8221;7\/12&#8243;]<div class=\"eltdf-single-image-holder   \">\n    <div class=\"eltdf-si-inner\" >\n                                    <img loading=\"lazy\" decoding=\"async\" src=\"https:\/\/cafeallgemein.at\/wp-content\/uploads\/2022\/05\/Reservierung-scaled-770x578.jpg\" alt=\"\" width=\"770\" height=\"578\" \/>                        <\/div>\n<\/div>[vc_empty_space height=&#8221;20px&#8221;][\/vc_column_inner][vc_column_inner width=&#8221;5\/12&#8243;]<div class=\"eltdf-section-title-holder  \" >\n\t<div class=\"eltdf-st-inner\">\n\t\t\t\t\t<h4 class=\"eltdf-st-title\" >\n\t\t\t\tReservierung\t\t\t<\/h4>\n\t\t\t\t\t<\/div>\n<\/div>[vc_column_text]<\/p>\n<h6>Liebe G\u00e4ste! Wir freuen uns \u00fcber Ihren Besuch.<br \/>\nDamit Sie mit Sicherheit einen Platz bekommen,<br \/>\nempfehlen wir auf jeden Fall und besonders<br \/>\nan Wochenenden eine Reservierung, da wir nur \u00fcber eine<br \/>\nbegrenzte Anzahl an Tischen verf\u00fcgen.<br \/>\nReservierungen bitte telefonisch oder vor Ort zu t\u00e4tigen!<\/h6>\n<h6 style=\"text-align: left;\"><a href=\"tel:+4319605790\">+43 19605790<\/a><\/h6>\n<h6 style=\"text-align: left;\"><a href=\"tel:+43 660 6808940\">+43 660 6808940<\/a><\/h6>\n<p>[\/vc_column_text][\/vc_column_inner][\/vc_row_inner][\/vc_column][\/vc_row]<\/p>\n","protected":false},"excerpt":{"rendered":"<p>[vc_row][vc_column][vc_row_inner gap=&#8221;10&#8243; row_content_width=&#8221;grid&#8221;][vc_column_inner width=&#8221;7\/12&#8243;][vc_empty_space height=&#8221;20px&#8221;][\/vc_column_inner][vc_column_inner width=&#8221;5\/12&#8243;][vc_column_text] Liebe G\u00e4ste! Wir freuen uns \u00fcber Ihren Besuch. Damit Sie mit Sicherheit einen Platz bekommen, empfehlen wir auf jeden Fall und besonders an Wochenenden eine Reservierung, da wir nur \u00fcber eine begrenzte Anzahl an Tischen verf\u00fcgen. Reservierungen bitte telefonisch oder vor Ort zu t\u00e4tigen! +43 19605790 +43 660 6808940 [\/vc_column_text][\/vc_column_inner][\/vc_row_inner][\/vc_column][\/vc_row]<\/p>\n","protected":false},"author":1,"featured_media":0,"parent":0,"menu_order":0,"comment_status":"closed","ping_status":"closed","template":"","meta":{"footnotes":""},"class_list":["post-4688","page","type-page","status-publish","hentry"],"_links":{"self":[{"href":"https:\/\/cafeallgemein.at\/index.php?rest_route=\/wp\/v2\/pages\/4688","targetHints":{"allow":["GET"]}}],"collection":[{"href":"https:\/\/cafeallgemein.at\/index.php?rest_route=\/wp\/v2\/pages"}],"about":[{"href":"https:\/\/cafeallgemein.at\/index.php?rest_route=\/wp\/v2\/types\/page"}],"author":[{"embeddable":true,"href":"https:\/\/cafeallgemein.at\/index.php?rest_route=\/wp\/v2\/users\/1"}],"replies":[{"embeddable":true,"href":"https:\/\/cafeallgemein.at\/index.php?rest_route=%2Fwp%2Fv2%2Fcomments&post=4688"}],"version-history":[{"count":29,"href":"https:\/\/cafeallgemein.at\/index.php?rest_route=\/wp\/v2\/pages\/4688\/revisions"}],"predecessor-version":[{"id":5548,"href":"https:\/\/cafeallgemein.at\/index.php?rest_route=\/wp\/v2\/pages\/4688\/revisions\/5548"}],"wp:attachment":[{"href":"https:\/\/cafeallgemein.at\/index.php?rest_route=%2Fwp%2Fv2%2Fmedia&parent=4688"}],"curies":[{"name":"wp","href":"https:\/\/api.w.org\/{rel}","templated":true}]}}