{"id":4645,"date":"2022-05-15T14:21:12","date_gmt":"2022-05-15T14:21:12","guid":{"rendered":"https:\/\/cafeallgemein.at\/?page_id=4645"},"modified":"2022-06-25T14:05:42","modified_gmt":"2022-06-25T14:05:42","slug":"awards","status":"publish","type":"page","link":"https:\/\/cafeallgemein.at\/?page_id=4645","title":{"rendered":"AUSZEICHNUNGEN"},"content":{"rendered":"<p>[vc_row][vc_column css=&#8221;.vc_custom_1653412774461{background-image: url(https:\/\/cafeallgemein.at\/wp-content\/uploads\/revslider\/landing-bakcground-img-1.jpg?id=3334) !important;}&#8221; el_class=&#8221;mh-802&#8243;][vc_row_inner][vc_column_inner width=&#8221;1\/2&#8243; css=&#8221;.vc_custom_1653400813330{padding-right: 65px !important;padding-left: 65px !important;}&#8221;]<div class=\"eltdf-image-gallery  eltdf-ig-slider-type eltdf-large-space   eltdf-image-hover-shader\">\n\t<div class=\"eltdf-ig-slider eltdf-owl-slider\" data-number-of-items=\"1\" data-enable-loop=\"yes\" data-enable-autoplay=\"yes\" data-slider-speed=\"5000\" data-slider-speed-animation=\"600\" data-slider-padding=\"no\" data-enable-navigation=\"yes\" data-enable-pagination=\"yes\">\n\t\t\t\t\t<div class=\"eltdf-ig-image\">\n\t\t\t\t\t\t\t\t\t<img loading=\"lazy\" decoding=\"async\" src=\"https:\/\/cafeallgemein.at\/wp-content\/uploads\/2022\/06\/Screenshot-from-2022-06-24-14-45-33-500x706.png\" alt=\"\" width=\"500\" height=\"706\" \/>\t\t\t\t\t\t\t<\/div>\n\t\t\t\t\t<div class=\"eltdf-ig-image\">\n\t\t\t\t\t\t\t\t\t<img loading=\"lazy\" decoding=\"async\" src=\"https:\/\/cafeallgemein.at\/wp-content\/uploads\/2022\/05\/20220329081856_00001-scaled-500x706.jpg\" alt=\"\" width=\"500\" height=\"706\" \/>\t\t\t\t\t\t\t<\/div>\n\t\t\t\t\t<div class=\"eltdf-ig-image\">\n\t\t\t\t\t\t\t\t\t<img loading=\"lazy\" decoding=\"async\" src=\"https:\/\/cafeallgemein.at\/wp-content\/uploads\/2022\/03\/84457922_622950488535467_1187344280209850368_n-500x706.jpg\" alt=\"\" width=\"500\" height=\"706\" \/>\t\t\t\t\t\t\t<\/div>\n\t\t\t<\/div>\n<\/div>[vc_empty_space height=&#8221;30px&#8221;][\/vc_column_inner][vc_column_inner width=&#8221;1\/2&#8243; css=&#8221;.vc_custom_1656165940300{padding-right: 40px !important;padding-left: 40px !important;}&#8221;]<div class=\"eltdf-section-title-holder  \" >\n\t<div class=\"eltdf-st-inner\">\n\t\t\t\t\t<h4 class=\"eltdf-st-title\" >\n\t\t\t\tAUSZEICHNUNGEN\t\t\t<\/h4>\n\t\t\t\t\t<\/div>\n<\/div>[vc_column_text]<\/p>\n<h6>Schon 2019 wurden wir auf den 2.Platz der beliebtesten Kaffeeh\u00e4user in Hietzing gew\u00e4hlt. 2021 war es schlie\u00dflich der 1. Platz. Wir m\u00f6chten uns an dieser Stelle auch bei unseren G\u00e4sten bedanken.<\/h6>\n<p>[\/vc_column_text][\/vc_column_inner][\/vc_row_inner][\/vc_column][\/vc_row]<\/p>\n","protected":false},"excerpt":{"rendered":"<p>[vc_row][vc_column css=&#8221;.vc_custom_1653412774461{background-image: url(https:\/\/cafeallgemein.at\/wp-content\/uploads\/revslider\/landing-bakcground-img-1.jpg?id=3334) !important;}&#8221; el_class=&#8221;mh-802&#8243;][vc_row_inner][vc_column_inner width=&#8221;1\/2&#8243; css=&#8221;.vc_custom_1653400813330{padding-right: 65px !important;padding-left: 65px !important;}&#8221;][vc_empty_space height=&#8221;30px&#8221;][\/vc_column_inner][vc_column_inner width=&#8221;1\/2&#8243; css=&#8221;.vc_custom_1656165940300{padding-right: 40px !important;padding-left: 40px !important;}&#8221;][vc_column_text] Schon 2019 wurden wir auf den 2.Platz der beliebtesten Kaffeeh\u00e4user in Hietzing gew\u00e4hlt. 2021 war es schlie\u00dflich der 1. Platz. Wir m\u00f6chten uns an dieser Stelle auch bei unseren G\u00e4sten bedanken. [\/vc_column_text][\/vc_column_inner][\/vc_row_inner][\/vc_column][\/vc_row]<\/p>\n","protected":false},"author":1,"featured_media":0,"parent":0,"menu_order":0,"comment_status":"closed","ping_status":"closed","template":"","meta":{"footnotes":""},"class_list":["post-4645","page","type-page","status-publish","hentry"],"_links":{"self":[{"href":"https:\/\/cafeallgemein.at\/index.php?rest_route=\/wp\/v2\/pages\/4645","targetHints":{"allow":["GET"]}}],"collection":[{"href":"https:\/\/cafeallgemein.at\/index.php?rest_route=\/wp\/v2\/pages"}],"about":[{"href":"https:\/\/cafeallgemein.at\/index.php?rest_route=\/wp\/v2\/types\/page"}],"author":[{"embeddable":true,"href":"https:\/\/cafeallgemein.at\/index.php?rest_route=\/wp\/v2\/users\/1"}],"replies":[{"embeddable":true,"href":"https:\/\/cafeallgemein.at\/index.php?rest_route=%2Fwp%2Fv2%2Fcomments&post=4645"}],"version-history":[{"count":29,"href":"https:\/\/cafeallgemein.at\/index.php?rest_route=\/wp\/v2\/pages\/4645\/revisions"}],"predecessor-version":[{"id":5528,"href":"https:\/\/cafeallgemein.at\/index.php?rest_route=\/wp\/v2\/pages\/4645\/revisions\/5528"}],"wp:attachment":[{"href":"https:\/\/cafeallgemein.at\/index.php?rest_route=%2Fwp%2Fv2%2Fmedia&parent=4645"}],"curies":[{"name":"wp","href":"https:\/\/api.w.org\/{rel}","templated":true}]}}