{"id":164,"date":"2018-04-02T13:24:19","date_gmt":"2018-04-02T11:24:19","guid":{"rendered":"https:\/\/corretto.qodeinteractive.com\/?page_id=164"},"modified":"2025-09-03T14:05:06","modified_gmt":"2025-09-03T14:05:06","slug":"espresso","status":"publish","type":"page","link":"https:\/\/cafeallgemein.at\/","title":{"rendered":"kontakt"},"content":{"rendered":"<p>[vc_row][vc_column el_id=&#8221;flex-around-center&#8221; css=&#8221;.vc_custom_1654024608524{margin-top: 60px !important;margin-bottom: 60px !important;}&#8221;][vc_row_inner][vc_column_inner el_class=&#8221;ml-95&#8243; offset=&#8221;vc_hidden-md vc_hidden-sm vc_hidden-xs&#8221;][vc_single_image image=&#8221;5212&#8243; img_size=&#8221;full&#8221; alignment=&#8221;center&#8221;][\/vc_column_inner][\/vc_row_inner][vc_row_inner][vc_column_inner el_class=&#8221;mw-800&#8243;][vc_column_text]<\/p>\n<div class=\"eltdf-section-title-holder \">\n<div class=\"eltdf-st-inner\" style=\"text-align: left;\">\n<h4 class=\"eltdf-st-title\">\u00dcber Caf\u00e8 Allgemein<\/h4>\n<h6>Treten Sie ein, seien Sie zuhause,<br \/>\nAtmen Sie durch, machen Sie Pause!<\/h6>\n<h6>Wo Hastis Torten auf Sie warten,<br \/>\nKuchen und Feines aller Arten,<br \/>\nFrische Getr\u00e4nke, gute Weine,<br \/>\nB\u00fccher f\u00fcr Gro\u00dfe wie f\u00fcr Kleine,<br \/>\nIst\u2019s ein Vergn\u00fcgen an den Tischen.<br \/>\nWenn sich Genusskulturen mischen,<br \/>\nWohnt Freude in den Kaffeetassen,<br \/>\nDarf man die Seele baumeln lassen.<\/h6>\n<h6>Wir sagen Ihnen Allgemein:<br \/>\nSeien Sie zuhaus! Treten Sie ein!<\/h6>\n<\/div>\n<\/div>\n<p>[\/vc_column_text][vc_empty_space height=&#8221;20px&#8221;]<a itemprop=\"url\" href=\"https:\/\/cafeallgemein.at\/?page_id=920\" target=\"_blank\" style=\"font-weight: 700;text-transform: uppercase;margin: auto\" class=\"eltdf-btn eltdf-btn-medium eltdf-btn-solid eltdf-btn-dash\"  >\n    <span class=\"eltdf-btn-text\">mehr lesen...<\/span>\n\t<\/a>[\/vc_column_inner][\/vc_row_inner][\/vc_column][\/vc_row][vc_row disable_element=&#8221;yes&#8221;][vc_column width=&#8221;1\/6&#8243;][\/vc_column][vc_column width=&#8221;2\/3&#8243; offset=&#8221;vc_col-lg-offset-0 vc_col-md-offset-0 vc_col-sm-offset-0 vc_col-xs-offset-1&#8243;][vc_empty_space height=&#8221;45px&#8221;][vc_row_inner][vc_column_inner width=&#8221;7\/12&#8243; offset=&#8221;vc_col-lg-offset-1&#8243;]<div class=\"eltdf-section-title-holder  \" style=\"text-align: left\">\n\t<div class=\"eltdf-st-inner\">\n\t\t\t\t\t<h4 class=\"eltdf-st-title\" >\n\t\t\t\t\u00dcber Caf\u00e8 Allgemein\t\t\t<\/h4>\n\t\t\t\t\t<\/div>\n<\/div><div class=\"eltdf-section-title-holder  \" style=\"text-align: left\">\n\t<div class=\"eltdf-st-inner\">\n\t\t\t\t\t\t\t<h6 class=\"eltdf-st-text\" >\n\t\t\t\tTreten Sie ein, seien Sie zuhause,<br \/>\nAtmen Sie durch, machen Sie Pause!\t\t\t<\/h6>\n\t\t\t<\/div>\n<\/div>[vc_empty_space height=&#8221;20px&#8221;]<div class=\"eltdf-section-title-holder  \" style=\"text-align: left\">\n\t<div class=\"eltdf-st-inner\">\n\t\t\t\t\t\t\t<h6 class=\"eltdf-st-text\" >\n\t\t\t\tWo Hastis Torten auf Sie warten,<br \/>\nKuchen und Feines aller Arten,<br \/>\nFrische Getr\u00e4nke, gute Weine,<br \/>\nB\u00fccher f\u00fcr Gro\u00dfe wie f\u00fcr Kleine,<br \/>\nIst\u2019s ein Vergn\u00fcgen an den Tischen.<br \/>\nWenn sich Genusskulturen mischen,<br \/>\nWohnt Freude in den Kaffeetassen,<br \/>\nDarf man die Seele baumeln lassen.\t\t\t<\/h6>\n\t\t\t<\/div>\n<\/div>[vc_empty_space height=&#8221;20px&#8221;]<div class=\"eltdf-section-title-holder  \" style=\"text-align: left\">\n\t<div class=\"eltdf-st-inner\">\n\t\t\t\t\t\t\t<h6 class=\"eltdf-st-text\" >\n\t\t\t\tWir sagen Ihnen Allgemein:<br \/>\nSeien Sie zuhaus! Treten Sie ein!\t\t\t<\/h6>\n\t\t\t<\/div>\n<\/div>[vc_empty_space height=&#8221;63px&#8221;][vc_empty_space height=&#8221;93px&#8221;][\/vc_column_inner][vc_column_inner width=&#8221;1\/2&#8243; offset=&#8221;vc_col-lg-3 vc_hidden-xs&#8221;][\/vc_column_inner][\/vc_row_inner][\/vc_column][vc_column width=&#8221;1\/6&#8243;][\/vc_column][\/vc_row][vc_row equal_height=&#8221;yes&#8221; content_placement=&#8221;middle&#8221; content_text_aligment=&#8221;center&#8221; css=&#8221;.vc_custom_1652620745531{margin-top: 0px !important;margin-right: 0px !important;margin-bottom: 0px !important;margin-left: 0px !important;}&#8221;][vc_column width=&#8221;1\/2&#8243; css=&#8221;.vc_custom_1652621040167{padding-top: 0px !important;padding-right: 0px !important;padding-bottom: 0px !important;padding-left: 0px !important;}&#8221; offset=&#8221;vc_col-lg-3 vc_col-md-6 vc_col-xs-12&#8243;]<div class=\"eltdf-single-image-holder   \">\n    <div class=\"eltdf-si-inner\" >\n                                    <img loading=\"lazy\" decoding=\"async\" src=\"https:\/\/cafeallgemein.at\/wp-content\/uploads\/2022\/05\/box-scaled-885x885.jpg\" alt=\"\" width=\"885\" height=\"885\" \/>                        <\/div>\n<\/div>[\/vc_column][vc_column width=&#8221;1\/2&#8243; css=&#8221;.vc_custom_1524753522925{padding-top: 0px !important;padding-right: 0px !important;padding-bottom: 0px !important;padding-left: 0px !important;background-image: url(https:\/\/corretto.qodeinteractive.com\/wp-content\/uploads\/2018\/04\/h2-box-background1.jpg?id=3097) !important;background-position: center !important;background-repeat: no-repeat !important;background-size: cover !important;}&#8221; offset=&#8221;vc_col-lg-3 vc_col-md-6 vc_col-xs-12&#8243;]<div class=\"eltdf-elements-holder   eltdf-one-column  eltdf-responsive-mode-768 \" ><div class=\"eltdf-eh-item   eltdf-horizontal-alignment-center  \"  data-item-class=\"eltdf-eh-custom-9243\" data-680=\"95px 0\">\n\t<div class=\"eltdf-eh-item-inner\">\n\t\t<div class=\"eltdf-eh-item-content eltdf-eh-custom-9243\" >\n\t\t\t<div class=\"eltdf-section-title-holder  \" >\n\t<div class=\"eltdf-st-inner\">\n\t\t\t\t\t<h5 class=\"eltdf-st-title\" >\n\t\t\t\t\u00d6FFNUNGSZEITEN\t\t\t<\/h5>\n\t\t\t\t\t<\/div>\n<\/div>[vc_column_text css=&#8221;.vc_custom_1756908269481{padding-top: 10px !important;}&#8221;]<\/p>\n<div class=\"wpb_text_column wpb_content_element vc_custom_1649781101633\">\n<div class=\"wpb_wrapper\">\n<div class=\"wpb_text_column wpb_content_element vc_custom_1649781144466\">\n<div class=\"wpb_wrapper\">\n<h6>\u00d6ffnungszeiten<\/h6>\n<h6>Dienstag \u2013 Sonntag: 09:00 \u2013 16:00 Uhr<\/h6>\n<h6>Feiertage: 09:00 \u2013 16:00 Uhr<\/h6>\n<h6>Montag: Ruhetag<\/h6>\n<\/div>\n<\/div>\n<\/div>\n<\/div>\n<p>[\/vc_column_text]\t\t<\/div>\n\t<\/div>\n<\/div><\/div>[\/vc_column][vc_column width=&#8221;1\/2&#8243; css=&#8221;.vc_custom_1652621416065{padding-top: 0px !important;padding-right: 0px !important;padding-bottom: 0px !important;padding-left: 0px !important;}&#8221; offset=&#8221;vc_col-lg-3 vc_col-md-6 vc_col-xs-12&#8243;]<div class=\"eltdf-single-image-holder   \">\n    <div class=\"eltdf-si-inner\" >\n                                    <img loading=\"lazy\" decoding=\"async\" src=\"https:\/\/cafeallgemein.at\/wp-content\/uploads\/2022\/05\/box2-scaled-885x885.jpg\" alt=\"\" width=\"885\" height=\"885\" \/>                        <\/div>\n<\/div>[\/vc_column][vc_column width=&#8221;1\/2&#8243; css=&#8221;.vc_custom_1652529722555{padding-top: 0px !important;padding-right: 0px !important;padding-bottom: 0px !important;padding-left: 0px !important;background-image: url(https:\/\/cafeallgemein.at\/wp-content\/uploads\/2018\/04\/h2-box-background4-4.jpg?id=3136) !important;}&#8221; offset=&#8221;vc_col-lg-3 vc_col-md-6 vc_col-xs-12&#8243;]<div class=\"eltdf-elements-holder   eltdf-one-column  eltdf-responsive-mode-768 \" ><div class=\"eltdf-eh-item   eltdf-horizontal-alignment-center  \"  data-item-class=\"eltdf-eh-custom-8472\" data-1366-1600=\"0 60px 0 60px\" data-1024-1366=\"0 49px 0 49px\" data-680=\"50px\">\n\t<div class=\"eltdf-eh-item-inner\">\n\t\t<div class=\"eltdf-eh-item-content eltdf-eh-custom-8472\" style=\"padding: 0 30px 0 30px\">\n\t\t\t[vc_column_text el_class=&#8221;text-just&#8221;][\/vc_column_text][vc_column_text]<\/p>\n<h5 class=\"eltdf-st-title\" style=\"text-align: center;\"><a style=\"text-decoration: underline;\" href=\"https:\/\/cafeallgemein.at\/?page_id=147\">NEUIGKEITEN<\/a><\/h5>\n<p>[\/vc_column_text]\t\t<\/div>\n\t<\/div>\n<\/div><\/div>[\/vc_column][\/vc_row][vc_row equal_height=&#8221;yes&#8221; content_placement=&#8221;middle&#8221; content_text_aligment=&#8221;center&#8221; css=&#8221;.vc_custom_1524038094522{margin-top: 0px !important;margin-right: 0px !important;margin-bottom: 0px !important;margin-left: 0px !important;}&#8221;][vc_column width=&#8221;1\/2&#8243; css=&#8221;.vc_custom_1652946898336{padding-top: 0px !important;padding-right: 0px !important;padding-bottom: 0px !important;padding-left: 0px !important;background-image: url(https:\/\/corretto.qodeinteractive.com\/wp-content\/uploads\/2018\/04\/h2-box-background3.jpg?id=3102) !important;background-position: center !important;background-repeat: no-repeat !important;background-size: cover !important;}&#8221; offset=&#8221;vc_col-lg-3 vc_col-md-6 vc_col-xs-12&#8243; el_class=&#8221;flex-center-center&#8221;][vc_column_text]<\/p>\n<h5 class=\"eltdf-st-title\" style=\"text-align: center;\"><a style=\"text-decoration: underline;\" href=\"https:\/\/cafeallgemein.at\/?page_id=4688\" target=\"_blank\" rel=\"noopener\">Reservierung<\/a><\/h5>\n<p>[\/vc_column_text][\/vc_column][vc_column width=&#8221;1\/2&#8243; css=&#8221;.vc_custom_1652621428057{padding-top: 0px !important;padding-right: 0px !important;padding-bottom: 0px !important;padding-left: 0px !important;}&#8221; offset=&#8221;vc_col-lg-3 vc_col-md-6 vc_col-xs-12&#8243;]<div class=\"eltdf-single-image-holder   \">\n    <div class=\"eltdf-si-inner\" >\n                                    <img loading=\"lazy\" decoding=\"async\" src=\"https:\/\/cafeallgemein.at\/wp-content\/uploads\/2022\/05\/Box3-scaled-885x885.jpg\" alt=\"\" width=\"885\" height=\"885\" \/>                        <\/div>\n<\/div>[\/vc_column][vc_column width=&#8221;1\/2&#8243; css=&#8221;.vc_custom_1652946723390{padding-top: 0px !important;padding-right: 0px !important;padding-bottom: 0px !important;padding-left: 0px !important;background-image: url(https:\/\/cafeallgemein.at\/wp-content\/uploads\/2018\/04\/h2-box-background2-4.jpg?id=3101) !important;}&#8221; offset=&#8221;vc_col-lg-3 vc_col-md-6 vc_col-xs-12&#8243; el_class=&#8221;flex-center-center&#8221;][vc_column_text]<\/p>\n<h5 class=\"eltdf-st-title\" style=\"text-align: center;\"><a style=\"text-decoration: underline;\" href=\"https:\/\/cafeallgemein.at\/?page_id=3712\">Veranstaltungen<\/a><\/h5>\n<p>[\/vc_column_text][\/vc_column][vc_column width=&#8221;1\/2&#8243; css=&#8221;.vc_custom_1653384993579{padding-top: 0px !important;padding-right: 0px !important;padding-bottom: 0px !important;padding-left: 0px !important;background-position: center !important;background-repeat: no-repeat !important;background-size: cover !important;}&#8221; offset=&#8221;vc_col-lg-3 vc_col-md-6 vc_col-xs-12&#8243; el_id=&#8221;p-0&#8243;]<div class=\"eltdf-single-image-holder   \">\n    <div class=\"eltdf-si-inner\" >\n                                    <img loading=\"lazy\" decoding=\"async\" src=\"https:\/\/cafeallgemein.at\/wp-content\/uploads\/2022\/05\/Homebox-scaled-885x885.jpg\" alt=\"\" width=\"885\" height=\"885\" \/>                        <\/div>\n<\/div>[\/vc_column][\/vc_row][vc_row][vc_column][vc_row_inner][vc_column_inner][vc_empty_space height=&#8221;100px&#8221;][\/vc_column_inner][\/vc_row_inner][vc_row_inner gap=&#8221;15&#8243; row_content_width=&#8221;grid&#8221;][vc_column_inner el_class=&#8221;flex-left-center&#8221; width=&#8221;1\/3&#8243;]<div class=\"eltdf-single-image-holder   \">\n    <div class=\"eltdf-si-inner\" >\n                                    <img loading=\"lazy\" decoding=\"async\" src=\"https:\/\/cafeallgemein.at\/wp-content\/uploads\/2022\/05\/11-300x300.png\" alt=\"\" width=\"300\" height=\"300\" \/>                        <\/div>\n<\/div>[vc_empty_space]<div class=\"eltdf-section-title-holder  \" >\n\t<div class=\"eltdf-st-inner\">\n\t\t\t\t\t<h5 class=\"eltdf-st-title\" >\n\t\t\t\tBrotocnik Brot\t\t\t<\/h5>\n\t\t\t\t\t\t\t<h6 class=\"eltdf-st-text\" >\n\t\t\t\tHier im Caf\u00e8 Allgemein, K\u00f6nnen Sie nat\u00fcrlich auch Brotocnik - Brot kaufen.<br \/>\nWir haben immer eine kleine Auswahl vorr\u00e4tig. Jedes andere Brot aus dem<br \/>\nProspekt k\u00f6nnen Sie ein Tag vorher bei uns vorbestellen.\t\t\t<\/h6>\n\t\t\t<\/div>\n<\/div><div class=\"eltdf-elements-holder   eltdf-one-column  eltdf-responsive-mode-768 \" ><div class=\"eltdf-eh-item     \"  data-item-class=\"eltdf-eh-custom-1425\">\n\t<div class=\"eltdf-eh-item-inner\">\n\t\t<div class=\"eltdf-eh-item-content eltdf-eh-custom-1425\" >\n\t\t\t<a itemprop=\"url\" href=\"https:\/\/cafeallgemein.at\/?page_id=3531\" target=\"_blank\" style=\"margin: 20px 0px 0px 0px\" class=\"eltdf-btn eltdf-btn-medium eltdf-btn-outline eltdf-btn-dash\"  >\n    <span class=\"eltdf-btn-text\">mehr lesen...<\/span>\n\t<\/a>\t\t<\/div>\n\t<\/div>\n<\/div><\/div>[vc_empty_space height=&#8221;20px&#8221;][\/vc_column_inner][vc_column_inner el_class=&#8221;flex-left-center&#8221; width=&#8221;1\/3&#8243;]<div class=\"eltdf-single-image-holder   \">\n    <div class=\"eltdf-si-inner\" >\n                                    <img loading=\"lazy\" decoding=\"async\" src=\"https:\/\/cafeallgemein.at\/wp-content\/uploads\/2022\/03\/mme-300x300.png\" alt=\"\" width=\"300\" height=\"300\" \/>                        <\/div>\n<\/div>[vc_empty_space]<div class=\"eltdf-section-title-holder  \" >\n\t<div class=\"eltdf-st-inner\">\n\t\t\t\t\t<h5 class=\"eltdf-st-title\" >\n\t\t\t\tHastis Torten und Kuchen\t\t\t<\/h5>\n\t\t\t\t\t\t\t<h6 class=\"eltdf-st-text\" >\n\t\t\t\tLassen Sie sich mit unseren hausgemachten Torten und<br \/>\nKuchen verw\u00f6hnen!\t\t\t<\/h6>\n\t\t\t<\/div>\n<\/div><div class=\"eltdf-elements-holder   eltdf-one-column  eltdf-responsive-mode-768 \" ><div class=\"eltdf-eh-item     \"  data-item-class=\"eltdf-eh-custom-6397\">\n\t<div class=\"eltdf-eh-item-inner\">\n\t\t<div class=\"eltdf-eh-item-content eltdf-eh-custom-6397\" >\n\t\t\t<a itemprop=\"url\" href=\"https:\/\/cafeallgemein.at\/?page_id=3939\" target=\"_blank\" style=\"margin: 20px 0px 0px 0px\" class=\"eltdf-btn eltdf-btn-medium eltdf-btn-outline eltdf-btn-dash\"  >\n    <span class=\"eltdf-btn-text\">mehr lesen...<\/span>\n\t<\/a>\t\t<\/div>\n\t<\/div>\n<\/div><\/div>[vc_empty_space height=&#8221;20px&#8221;][\/vc_column_inner][vc_column_inner el_class=&#8221;flex-left-center&#8221; width=&#8221;1\/3&#8243;]<div class=\"eltdf-single-image-holder   \">\n    <div class=\"eltdf-si-inner\" >\n                                    <img loading=\"lazy\" decoding=\"async\" src=\"https:\/\/cafeallgemein.at\/wp-content\/uploads\/2022\/06\/Screenshot-from-2022-06-24-14-45-33-300x300.png\" alt=\"\" width=\"300\" height=\"300\" \/>                        <\/div>\n<\/div>[vc_empty_space]<div class=\"eltdf-section-title-holder  \" >\n\t<div class=\"eltdf-st-inner\">\n\t\t\t\t\t<h5 class=\"eltdf-st-title\" >\n\t\t\t\tAUSZEICHNUNGEN\t\t\t<\/h5>\n\t\t\t\t\t\t\t<h6 class=\"eltdf-st-text\" >\n\t\t\t\tSchon 2019 wurden wir auf den 2.Platz der beliebtesten Kaffeeh\u00e4user in Hietzing gew\u00e4hlt. 2021 war es schlie\u00dflich der 1. Platz. Wir m\u00f6chten uns an dieser Stelle auch bei unseren G\u00e4sten bedanken.\t\t\t<\/h6>\n\t\t\t<\/div>\n<\/div><div class=\"eltdf-elements-holder   eltdf-one-column  eltdf-responsive-mode-768 \" ><div class=\"eltdf-eh-item     \"  data-item-class=\"eltdf-eh-custom-9876\">\n\t<div class=\"eltdf-eh-item-inner\">\n\t\t<div class=\"eltdf-eh-item-content eltdf-eh-custom-9876\" >\n\t\t\t<a itemprop=\"url\" href=\"https:\/\/cafeallgemein.at\/?page_id=4645\" target=\"_blank\" style=\"margin: 20px 0px 0px 0px\" class=\"eltdf-btn eltdf-btn-medium eltdf-btn-outline eltdf-btn-dash\"  >\n    <span class=\"eltdf-btn-text\">mehr lesen...<\/span>\n\t<\/a>\t\t<\/div>\n\t<\/div>\n<\/div><\/div>[\/vc_column_inner][\/vc_row_inner][vc_empty_space height=&#8221;30px&#8221;][\/vc_column][\/vc_row][vc_row disable_element=&#8221;yes&#8221; css=&#8221;.vc_custom_1653208016848{background-image: url(https:\/\/cafeallgemein.at\/wp-content\/uploads\/revslider\/landing-bakcground-img-1.jpg?id=3334) !important;}&#8221;][vc_column][vc_row_inner row_content_width=&#8221;grid&#8221;][vc_column_inner]<div class=\"eltdf-blog-list-holder eltdf-bl-masonry eltdf-bl-three-columns eltdf-large-space eltdf-bl-pag-no-pagination   \"  data-type=masonry data-number-of-posts=3 data-number-of-columns=3 data-space-between-items=large data-category=news data-orderby=date data-order=ASC data-image-size=medium data-title-tag=h5 data-excerpt-length=40 data-post-info-section=no data-post-info-image=yes data-post-info-image-zoom=no data-post-info-image-shader=no data-post-info-author=no data-post-info-date=no data-post-info-category=no data-post-info-comments=no data-post-info-like=no data-post-info-share=no data-pagination-type=no-pagination data-max-num-pages=1 data-next-page=2>\n\t<div class=\"eltdf-bl-wrapper eltdf-outer-space\">\n\t\t<ul class=\"eltdf-blog-list\">\n\t\t\t<li class=\"eltdf-bl-grid-sizer\"><\/li>\n\t\t\t<li class=\"eltdf-bl-grid-gutter\"><\/li>\n\t\t\t<li class=\"eltdf-bl-item eltdf-item-space clearfix\">\n\t<div class=\"eltdf-bli-inner\">\n        <div class=\"eltdf-bli-image-holder\">\n            \n\t<div class=\"eltdf-post-image\">\n\t\t\t\t\t<a itemprop=\"url\" href=\"https:\/\/cafeallgemein.at\/?p=5219\" title=\"\">\n\t\t\t\t\t<img loading=\"lazy\" decoding=\"async\" width=\"212\" height=\"300\" src=\"https:\/\/cafeallgemein.at\/wp-content\/uploads\/2022\/05\/20220329081825_00001-212x300.jpg\" class=\"attachment-medium size-medium wp-post-image\" alt=\"\" srcset=\"https:\/\/cafeallgemein.at\/wp-content\/uploads\/2022\/05\/20220329081825_00001-212x300.jpg 212w, https:\/\/cafeallgemein.at\/wp-content\/uploads\/2022\/05\/20220329081825_00001-724x1024.jpg 724w, https:\/\/cafeallgemein.at\/wp-content\/uploads\/2022\/05\/20220329081825_00001-768x1086.jpg 768w, https:\/\/cafeallgemein.at\/wp-content\/uploads\/2022\/05\/20220329081825_00001-1086x1536.jpg 1086w, https:\/\/cafeallgemein.at\/wp-content\/uploads\/2022\/05\/20220329081825_00001-1448x2048.jpg 1448w, https:\/\/cafeallgemein.at\/wp-content\/uploads\/2022\/05\/20220329081825_00001-600x848.jpg 600w, https:\/\/cafeallgemein.at\/wp-content\/uploads\/2022\/05\/20220329081825_00001-scaled.jpg 1810w\" sizes=\"auto, (max-width: 212px) 100vw, 212px\" \/>\t\t\t\t\t<\/a>\n\t\t\t\t\t<\/div>\n\t\t\t        <\/div>\n        <div class=\"eltdf-bli-content\">\n            \t\n\t        \n<h5 itemprop=\"name\" class=\"entry-title eltdf-post-title\" >\n            <a itemprop=\"url\" href=\"https:\/\/cafeallgemein.at\/?p=5219\" title=\"\">\n                        <\/a>\n    <\/h5>\t\n\t        <div class=\"eltdf-bli-excerpt\">\n\t\t        \t\t<div class=\"eltdf-post-excerpt-holder\">\n\t\t\t<p itemprop=\"description\" class=\"eltdf-post-excerpt\">\n\t\t\t\t\nGEHEN\t\t\t<\/p>\n\t\t<\/div>\n\t                \t\t        \t<div class=\"eltdf-post-read-more-button\">\n\t\t<a itemprop=\"url\" href=\"https:\/\/cafeallgemein.at\/?p=5219\" target=\"_self\"  class=\"eltdf-btn eltdf-btn-medium eltdf-btn-simple eltdf-btn-dash eltdf-blog-list-button eltdf-btn-dash\"  >    <span class=\"eltdf-btn-text\">mehr lesen...<\/span>\t<\/a>\t<\/div>\n\t        <\/div>\n        <\/div>\n\t<\/div>\n<\/li><li class=\"eltdf-bl-item eltdf-item-space clearfix\">\n\t<div class=\"eltdf-bli-inner\">\n        <div class=\"eltdf-bli-image-holder\">\n            \n\t<div class=\"eltdf-post-image\">\n\t\t\t\t\t<a itemprop=\"url\" href=\"https:\/\/cafeallgemein.at\/?p=4911\" title=\"\">\n\t\t\t\t\t<img loading=\"lazy\" decoding=\"async\" width=\"300\" height=\"223\" src=\"https:\/\/cafeallgemein.at\/wp-content\/uploads\/2022\/05\/Neuigkeiten3-300x223.jpg\" class=\"attachment-medium size-medium wp-post-image\" alt=\"\" srcset=\"https:\/\/cafeallgemein.at\/wp-content\/uploads\/2022\/05\/Neuigkeiten3-300x223.jpg 300w, https:\/\/cafeallgemein.at\/wp-content\/uploads\/2022\/05\/Neuigkeiten3.jpg 600w\" sizes=\"auto, (max-width: 300px) 100vw, 300px\" \/>\t\t\t\t\t<\/a>\n\t\t\t\t\t<\/div>\n\t\t\t        <\/div>\n        <div class=\"eltdf-bli-content\">\n            \t\n\t        \n<h5 itemprop=\"name\" class=\"entry-title eltdf-post-title\" >\n            <a itemprop=\"url\" href=\"https:\/\/cafeallgemein.at\/?p=4911\" title=\"\">\n                        <\/a>\n    <\/h5>\t\n\t        <div class=\"eltdf-bli-excerpt\">\n\t\t        \t\t<div class=\"eltdf-post-excerpt-holder\">\n\t\t\t<p itemprop=\"description\" class=\"eltdf-post-excerpt\">\n\t\t\t\t\nLiebe G\u00e4ste:\n\n\n\nCaf\u00e9 Allgemein macht vom 28.05. - 30.05. eine kurze Pause.&nbsp;\n\n\n\nWir sind am Dienstag, den 31. Mai wieder f\u00fcr Sie da!\n\n\n\nEure Allgemein-Team\t\t\t<\/p>\n\t\t<\/div>\n\t                \t\t        \t<div class=\"eltdf-post-read-more-button\">\n\t\t<a itemprop=\"url\" href=\"https:\/\/cafeallgemein.at\/?p=4911\" target=\"_self\"  class=\"eltdf-btn eltdf-btn-medium eltdf-btn-simple eltdf-btn-dash eltdf-blog-list-button eltdf-btn-dash\"  >    <span class=\"eltdf-btn-text\">mehr lesen...<\/span>\t<\/a>\t<\/div>\n\t        <\/div>\n        <\/div>\n\t<\/div>\n<\/li><li class=\"eltdf-bl-item eltdf-item-space clearfix\">\n\t<div class=\"eltdf-bli-inner\">\n        <div class=\"eltdf-bli-image-holder\">\n            \n\t<div class=\"eltdf-post-image\">\n\t\t\t\t\t<a itemprop=\"url\" href=\"https:\/\/cafeallgemein.at\/?p=5364\" title=\"sommerurlaub\">\n\t\t\t\t\t<img loading=\"lazy\" decoding=\"async\" width=\"300\" height=\"218\" src=\"https:\/\/cafeallgemein.at\/wp-content\/uploads\/2022\/05\/sample-1-pdf-300x218.jpg\" class=\"attachment-medium size-medium wp-post-image\" alt=\"\" \/>\t\t\t\t\t<\/a>\n\t\t\t\t\t<\/div>\n\t\t\t        <\/div>\n        <div class=\"eltdf-bli-content\">\n            \t\n\t        \n<h5 itemprop=\"name\" class=\"entry-title eltdf-post-title\" >\n            <a itemprop=\"url\" href=\"https:\/\/cafeallgemein.at\/?p=5364\" title=\"sommerurlaub\">\n            sommerurlaub            <\/a>\n    <\/h5>\t\n\t        <div class=\"eltdf-bli-excerpt\">\n\t\t        \t\t<div class=\"eltdf-post-excerpt-holder\">\n\t\t\t<p itemprop=\"description\" class=\"eltdf-post-excerpt\">\n\t\t\t\t\nLiebe G\u00e4ste,\n\n\n\nCaf\u00e9 Allgemein macht vom 09. August bis zum 18. August Urlaub!\n\n\n\nAm Freitag, den 19. August sind wir zu unseren gewohnten \u00d6ffnungszeiten wieder da!!\n\n\n\nEuer Allgemein - Team\t\t\t<\/p>\n\t\t<\/div>\n\t                \t\t        \t<div class=\"eltdf-post-read-more-button\">\n\t\t<a itemprop=\"url\" href=\"https:\/\/cafeallgemein.at\/?p=5364\" target=\"_self\"  class=\"eltdf-btn eltdf-btn-medium eltdf-btn-simple eltdf-btn-dash eltdf-blog-list-button eltdf-btn-dash\"  >    <span class=\"eltdf-btn-text\">mehr lesen...<\/span>\t<\/a>\t<\/div>\n\t        <\/div>\n        <\/div>\n\t<\/div>\n<\/li>\t\t<\/ul>\n\t<\/div>\n\t<\/div>[\/vc_column_inner][\/vc_row_inner][\/vc_column][\/vc_row]<\/p>\n","protected":false},"excerpt":{"rendered":"<p>[vc_row][vc_column el_id=&#8221;flex-around-center&#8221; css=&#8221;.vc_custom_1654024608524{margin-top: 60px !important;margin-bottom: 60px !important;}&#8221;][vc_row_inner][vc_column_inner el_class=&#8221;ml-95&#8243; offset=&#8221;vc_hidden-md vc_hidden-sm vc_hidden-xs&#8221;][vc_single_image image=&#8221;5212&#8243; img_size=&#8221;full&#8221; alignment=&#8221;center&#8221;][\/vc_column_inner][\/vc_row_inner][vc_row_inner][vc_column_inner el_class=&#8221;mw-800&#8243;][vc_column_text] \u00dcber Caf\u00e8 Allgemein Treten Sie ein, seien Sie zuhause, Atmen Sie durch, machen Sie Pause! Wo Hastis Torten auf Sie warten, Kuchen und Feines aller Arten, Frische Getr\u00e4nke, gute Weine, B\u00fccher f\u00fcr Gro\u00dfe wie f\u00fcr Kleine, Ist\u2019s ein Vergn\u00fcgen an den Tischen. Wenn sich Genusskulturen mischen, Wohnt Freude in den Kaffeetassen, Darf man die Seele baumeln lassen. [&hellip;]<\/p>\n","protected":false},"author":1,"featured_media":0,"parent":0,"menu_order":0,"comment_status":"closed","ping_status":"closed","template":"full-width.php","meta":{"footnotes":""},"class_list":["post-164","page","type-page","status-publish","hentry"],"_links":{"self":[{"href":"https:\/\/cafeallgemein.at\/index.php?rest_route=\/wp\/v2\/pages\/164","targetHints":{"allow":["GET"]}}],"collection":[{"href":"https:\/\/cafeallgemein.at\/index.php?rest_route=\/wp\/v2\/pages"}],"about":[{"href":"https:\/\/cafeallgemein.at\/index.php?rest_route=\/wp\/v2\/types\/page"}],"author":[{"embeddable":true,"href":"https:\/\/cafeallgemein.at\/index.php?rest_route=\/wp\/v2\/users\/1"}],"replies":[{"embeddable":true,"href":"https:\/\/cafeallgemein.at\/index.php?rest_route=%2Fwp%2Fv2%2Fcomments&post=164"}],"version-history":[{"count":288,"href":"https:\/\/cafeallgemein.at\/index.php?rest_route=\/wp\/v2\/pages\/164\/revisions"}],"predecessor-version":[{"id":5674,"href":"https:\/\/cafeallgemein.at\/index.php?rest_route=\/wp\/v2\/pages\/164\/revisions\/5674"}],"wp:attachment":[{"href":"https:\/\/cafeallgemein.at\/index.php?rest_route=%2Fwp%2Fv2%2Fmedia&parent=164"}],"curies":[{"name":"wp","href":"https:\/\/api.w.org\/{rel}","templated":true}]}}